{"id":3837,"date":"2024-11-29T12:04:08","date_gmt":"2024-11-29T12:04:08","guid":{"rendered":"https:\/\/transformativecommunication.net\/?page_id=3837"},"modified":"2024-11-29T12:12:42","modified_gmt":"2024-11-29T12:12:42","slug":"nutzungsbedingungen","status":"publish","type":"page","link":"https:\/\/transformativecommunication.net\/en\/nutzungsbedingungen\/","title":{"rendered":"Terms of use"},"content":{"rendered":"<div data-elementor-type=\"wp-page\" data-elementor-id=\"3837\" class=\"elementor elementor-3837\">\n\t\t\t\t<div class=\"elementor-element elementor-element-297edb93 e-flex e-con-boxed e-con e-parent\" data-id=\"297edb93\" data-element_type=\"container\" data-e-type=\"container\">\n\t\t\t\t\t<div class=\"e-con-inner\">\n\t\t\t\t<div class=\"elementor-element elementor-element-607349c5 elementor-widget elementor-widget-text-editor\" data-id=\"607349c5\" data-element_type=\"widget\" data-e-type=\"widget\" data-widget_type=\"text-editor.default\">\n\t\t\t\t<div class=\"elementor-widget-container\">\n\t\t\t\t\t\t\t\t\t<p><\/p>\n<h4 class=\"wp-block-heading\"><strong>&nbsp;<\/strong><\/h4><div><strong><br><\/strong><\/div>\n<h4 class=\"wp-block-heading\"><strong>Terms of use<\/strong><\/h4>\n<p><\/p>\n<p><\/p>\n<p><strong>G\u00fcltig ab:<\/strong> 29. November 2024<\/p>\n<p><\/p>\n<p><\/p>\n<p>Willkommen auf der Website <strong>Transformative Communication<\/strong> (im Folgenden &#8222;Website&#8220;). Mit dem Zugriff auf und der Nutzung dieser Website erkl\u00e4ren Sie sich mit den folgenden Nutzungsbedingungen einverstanden. Bitte lesen Sie diese sorgf\u00e4ltig durch.<\/p>\n<p><\/p>\n<p><\/p>\n<h4 class=\"wp-block-heading\"><strong>1. Anbieter der Website<\/strong><\/h4>\n<p><\/p>\n<p><\/p>\n<p>Diese Website wird betrieben von:<\/p>\n<p><\/p>\n<p><\/p>\n<p><strong>University of Hamburg<\/strong><br>Mittelweg 177<br>20148 Hamburg<br>E-Mail: <a>michael.brueggemann@uni-hamburg.de<\/a><br>Telefon: +49 40 42838-0<\/p>\n<p><\/p>\n<p><\/p>\n<p>Verantwortlich gem\u00e4\u00df \u00a7 55 Abs. 2 RStV: Michael Br\u00fcggemann<\/p>\n<p><\/p>\n<p><\/p>\n<p><\/p>\n<h4 class=\"wp-block-heading\"><strong>2. Nutzung der Website<\/strong><\/h4>\n<p><\/p>\n<p><\/p>\n<ul class=\"wp-block-list\">\n<li style=\"list-style-type: none;\">\n<ul class=\"wp-block-list\"><\/ul>\n<\/li>\n<\/ul>\n<ul class=\"wp-block-list\">\n<li style=\"list-style-type: none;\">\n<ul class=\"wp-block-list\">\n<li>Die Website darf ausschlie\u00dflich zu rechtm\u00e4\u00dfigen Zwecken genutzt werden.<\/li>\n<li>Jegliche Form von Missbrauch, wie z. B. Hacking, die Verbreitung von Schadsoftware oder der Versuch, die Sicherheit der Website zu gef\u00e4hrden, ist untersagt.<\/li>\n<\/ul>\n<\/li>\n<\/ul>\n<p><\/p>\n<p><\/p>\n<p><\/p>\n<h4 class=\"wp-block-heading\"><strong>&nbsp;<\/strong><\/h4>\n<h4 class=\"wp-block-heading\"><strong>3. Urheberrecht und geistiges Eigentum<\/strong><\/h4>\n<p><\/p>\n<p><\/p>\n<ul class=\"wp-block-list\">\n<li style=\"list-style-type: none;\">\n<ul class=\"wp-block-list\"><\/ul>\n<\/li>\n<\/ul>\n<ul class=\"wp-block-list\">\n<li style=\"list-style-type: none;\">\n<ul class=\"wp-block-list\">\n<li>S\u00e4mtliche Inhalte dieser Website, einschlie\u00dflich Texte, Bilder, Grafiken und Videos, unterliegen dem Urheberrecht und anderen Gesetzen zum Schutz geistigen Eigentums.<\/li>\n<li>Ohne vorherige schriftliche Genehmigung ist es nicht gestattet, Inhalte zu kopieren, zu ver\u00e4ndern, zu verbreiten oder anderweitig zu nutzen.<\/li>\n<\/ul>\n<\/li>\n<\/ul>\n<p><\/p>\n<p><\/p>\n<p><\/p>\n<h4 class=\"wp-block-heading\"><strong>&nbsp;<\/strong><\/h4>\n<h4 class=\"wp-block-heading\"><strong>4. Haftungsausschluss<\/strong><\/h4>\n<p><\/p>\n<p><\/p>\n<ul class=\"wp-block-list\">\n<li style=\"list-style-type: none;\">\n<ul class=\"wp-block-list\"><\/ul>\n<\/li>\n<\/ul>\n<ul class=\"wp-block-list\">\n<li style=\"list-style-type: none;\">\n<ul class=\"wp-block-list\">\n<li>Die Universit\u00e4t Hamburg \u00fcbernimmt keine Haftung f\u00fcr die Richtigkeit, Vollst\u00e4ndigkeit oder Aktualit\u00e4t der bereitgestellten Inhalte.<\/li>\n<li>F\u00fcr Sch\u00e4den, die durch die Nutzung dieser Website entstehen, wird keine Haftung \u00fcbernommen, es sei denn, sie sind auf Vorsatz oder grobe Fahrl\u00e4ssigkeit zur\u00fcckzuf\u00fchren.<\/li>\n<\/ul>\n<\/li>\n<\/ul>\n<p><\/p>\n<p><\/p>\n<p><\/p>\n<h4 class=\"wp-block-heading\"><strong>&nbsp;<\/strong><\/h4>\n<h4 class=\"wp-block-heading\"><strong>5. Links zu externen Websites<\/strong><\/h4>\n<p><\/p>\n<p><\/p>\n<ul class=\"wp-block-list\">\n<li style=\"list-style-type: none;\">\n<ul class=\"wp-block-list\"><\/ul>\n<\/li>\n<\/ul>\n<ul class=\"wp-block-list\">\n<li>Diese Website kann Links zu externen Websites enthalten. F\u00fcr deren Inhalte sind ausschlie\u00dflich die jeweiligen Betreiber verantwortlich.<\/li>\n<li>Die Universit\u00e4t Hamburg \u00fcbernimmt keine Verantwortung f\u00fcr die Inhalte und Datenschutzpraktiken externer Websites.<\/li>\n<\/ul>\n<div>&nbsp;<\/div>\n<p><\/p>\n<p><\/p>\n<p><\/p>\n<h4 class=\"wp-block-heading\"><strong>6. \u00c4nderungen der Nutzungsbedingungen<\/strong><\/h4>\n<p><\/p>\n<p><\/p>\n<p>Die Universit\u00e4t Hamburg beh\u00e4lt sich das Recht vor, diese Nutzungsbedingungen jederzeit zu \u00e4ndern. \u00dcber wesentliche \u00c4nderungen werden die Nutzer auf der Website informiert.<\/p>\n<p><\/p>\n<p><\/p>\n<h4 class=\"wp-block-heading\"><strong>&nbsp;<\/strong><\/h4>\n<h4 class=\"wp-block-heading\"><strong>7. Anwendbares Recht<\/strong><\/h4>\n<p><\/p>\n<p><\/p>\n<p>Diese Nutzungsbedingungen unterliegen dem Recht der Bundesrepublik Deutschland. Der Gerichtsstand ist Hamburg.<\/p>\n<p><\/p>\n<p><\/p>\n<p><strong>Stand:<\/strong> 29. November 2024<\/p>\n<p><\/p>\n<p><\/p>\n<p><\/p>\n<p><\/p>\n<p><\/p>\t\t\t\t\t\t\t\t<\/div>\n\t\t\t\t<\/div>\n\t\t\t\t\t<\/div>\n\t\t\t\t<\/div>\n\t\t\t\t<\/div>","protected":false},"excerpt":{"rendered":"<p>&nbsp; Nutzungsbedingungen G\u00fcltig ab: 29. November 2024 Willkommen auf der Website Transformative Communication (im Folgenden &#8222;Website&#8220;). Mit dem Zugriff auf und der Nutzung dieser Website erkl\u00e4ren Sie sich mit den folgenden Nutzungsbedingungen einverstanden. Bitte lesen Sie diese sorgf\u00e4ltig durch. 1. Anbieter der Website Diese Website wird betrieben von: Universit\u00e4t HamburgMittelweg 17720148 HamburgE-Mail: michael.brueggemann@uni-hamburg.deTelefon: +49 40 [&hellip;]<\/p>\n","protected":false},"author":2,"featured_media":0,"parent":0,"menu_order":0,"comment_status":"closed","ping_status":"closed","template":"","meta":{"footnotes":""},"class_list":["post-3837","page","type-page","status-publish","hentry"],"blocksy_meta":[],"_links":{"self":[{"href":"https:\/\/transformativecommunication.net\/en\/wp-json\/wp\/v2\/pages\/3837","targetHints":{"allow":["GET"]}}],"collection":[{"href":"https:\/\/transformativecommunication.net\/en\/wp-json\/wp\/v2\/pages"}],"about":[{"href":"https:\/\/transformativecommunication.net\/en\/wp-json\/wp\/v2\/types\/page"}],"author":[{"embeddable":true,"href":"https:\/\/transformativecommunication.net\/en\/wp-json\/wp\/v2\/users\/2"}],"replies":[{"embeddable":true,"href":"https:\/\/transformativecommunication.net\/en\/wp-json\/wp\/v2\/comments?post=3837"}],"version-history":[{"count":11,"href":"https:\/\/transformativecommunication.net\/en\/wp-json\/wp\/v2\/pages\/3837\/revisions"}],"predecessor-version":[{"id":3863,"href":"https:\/\/transformativecommunication.net\/en\/wp-json\/wp\/v2\/pages\/3837\/revisions\/3863"}],"wp:attachment":[{"href":"https:\/\/transformativecommunication.net\/en\/wp-json\/wp\/v2\/media?parent=3837"}],"curies":[{"name":"wp","href":"https:\/\/api.w.org\/{rel}","templated":true}]}}